{"id":43,"date":"2020-01-23T15:05:32","date_gmt":"2020-01-23T15:05:32","guid":{"rendered":"http:\/\/angeline.de\/?page_id=43"},"modified":"2025-12-15T18:27:54","modified_gmt":"2025-12-15T18:27:54","slug":"press","status":"publish","type":"page","link":"http:\/\/angeline.de\/de\/press\/","title":{"rendered":"press"},"content":{"rendered":"<div data-elementor-type=\"wp-page\" data-elementor-id=\"43\" class=\"elementor elementor-43\">\n\t\t\t\t\t\t<section class=\"elementor-section elementor-top-section elementor-element elementor-element-167e7a2 elementor-section-boxed elementor-section-height-default elementor-section-height-default\" data-id=\"167e7a2\" data-element_type=\"section\" data-e-type=\"section\">\n\t\t\t\t\t\t<div class=\"elementor-container elementor-column-gap-default\">\n\t\t\t\t\t<div class=\"elementor-column elementor-col-100 elementor-top-column elementor-element elementor-element-aa06b19\" data-id=\"aa06b19\" data-element_type=\"column\" data-e-type=\"column\">\n\t\t\t<div class=\"elementor-widget-wrap elementor-element-populated\">\n\t\t\t\t\t\t<div class=\"elementor-element elementor-element-315a495 elementor-widget elementor-widget-text-editor\" data-id=\"315a495\" data-element_type=\"widget\" data-e-type=\"widget\" data-widget_type=\"text-editor.default\">\n\t\t\t\t<div class=\"elementor-widget-container\">\n\t\t\t\t\t\t\t\t\t<p>Presseartikel zu meinen Aktivit\u00e4ten<\/p>\t\t\t\t\t\t\t\t<\/div>\n\t\t\t\t<\/div>\n\t\t\t\t<div class=\"elementor-element elementor-element-30c9b51 elementor-widget elementor-widget-toggle\" data-id=\"30c9b51\" data-element_type=\"widget\" data-e-type=\"widget\" data-widget_type=\"toggle.default\">\n\t\t\t\t<div class=\"elementor-widget-container\">\n\t\t\t\t\t\t\t<div class=\"elementor-toggle\">\n\t\t\t\t\t\t\t<div class=\"elementor-toggle-item\">\n\t\t\t\t\t<h2 id=\"elementor-tab-title-5111\" class=\"elementor-tab-title\" data-tab=\"1\" role=\"button\" aria-controls=\"elementor-tab-content-5111\" aria-expanded=\"false\">\n\t\t\t\t\t\t\t\t\t\t\t\t<span class=\"elementor-toggle-icon elementor-toggle-icon-left\" aria-hidden=\"true\">\n\t\t\t\t\t\t\t\t\t\t\t\t\t\t\t<span class=\"elementor-toggle-icon-closed\"><i class=\"fas fa-caret-right\"><\/i><\/span>\n\t\t\t\t\t\t\t\t<span class=\"elementor-toggle-icon-opened\"><i class=\"elementor-toggle-icon-opened fas fa-caret-up\"><\/i><\/span>\n\t\t\t\t\t\t\t\t\t\t\t\t\t<\/span>\n\t\t\t\t\t\t\t\t\t\t\t\t<a class=\"elementor-toggle-title\" tabindex=\"0\">Interkulturelle Wochen<\/a>\n\t\t\t\t\t<\/h2>\n\n\t\t\t\t\t<div id=\"elementor-tab-content-5111\" class=\"elementor-tab-content elementor-clearfix\" data-tab=\"1\" role=\"region\" aria-labelledby=\"elementor-tab-title-5111\"><ul><li><a href=\"http:\/\/angeline.de\/wp-content\/uploads\/2024\/10\/Goeppingen_KW40-IKW-2024.pdf\">04.10. GEPPO Stadtmagazin<\/a><\/li><li><a href=\"https:\/\/filstalwelle.de\/video\/2024-10-02-goeppingen-interkulturelle-wochen-feiern-festival-der-vielfalt\">02.10. Filstalwelle TV \u00fcber Festival der Vielfalt<\/a><\/li><li><a href=\"http:\/\/angeline.de\/wp-content\/uploads\/2024\/10\/Goeppingen_KW38_IKW-2024.pdf\">20.09. GEPPO Stadtmagazin<\/a><\/li><li><a href=\"https:\/\/www.goeppingen.de\/start\/erleben\/interkulturelle+wochen.html\">Stadt GP Page<\/a><\/li><li><a href=\"http:\/\/angeline.de\/wp-content\/uploads\/2024\/07\/Press-Kreativmarkt.png\">G\u00f6ppingen endeckt &#8220;Neue R\u00e4ume&#8221; NWZ 14.Juli<\/a><\/li><li><a href=\"http:\/\/angeline.de\/wp-content\/uploads\/2024\/07\/PIG-Magazin-Juli-2024.PNG.jpg\">1. Interkultureller Kreativ- und Kunstmarkt PIG Magazin Juli<\/a><\/li><li><a href=\"http:\/\/angeline.de\/wp-content\/uploads\/2024\/10\/Broschure-LL.pdf\">Living Library Brosch\u00fcre<\/a><\/li><\/ul><\/div>\n\t\t\t\t<\/div>\n\t\t\t\t\t\t\t<div class=\"elementor-toggle-item\">\n\t\t\t\t\t<h2 id=\"elementor-tab-title-5112\" class=\"elementor-tab-title\" data-tab=\"2\" role=\"button\" aria-controls=\"elementor-tab-content-5112\" aria-expanded=\"false\">\n\t\t\t\t\t\t\t\t\t\t\t\t<span class=\"elementor-toggle-icon elementor-toggle-icon-left\" aria-hidden=\"true\">\n\t\t\t\t\t\t\t\t\t\t\t\t\t\t\t<span class=\"elementor-toggle-icon-closed\"><i class=\"fas fa-caret-right\"><\/i><\/span>\n\t\t\t\t\t\t\t\t<span class=\"elementor-toggle-icon-opened\"><i class=\"elementor-toggle-icon-opened fas fa-caret-up\"><\/i><\/span>\n\t\t\t\t\t\t\t\t\t\t\t\t\t<\/span>\n\t\t\t\t\t\t\t\t\t\t\t\t<a class=\"elementor-toggle-title\" tabindex=\"0\">Previous Intercultural Weeks<\/a>\n\t\t\t\t\t<\/h2>\n\n\t\t\t\t\t<div id=\"elementor-tab-content-5112\" class=\"elementor-tab-content elementor-clearfix\" data-tab=\"2\" role=\"region\" aria-labelledby=\"elementor-tab-title-5112\"><p>2023<\/p><ul><li><a href=\"http:\/\/angeline.de\/wp-content\/uploads\/2023\/09\/PIG-September-2023.pdf\">PIG Magazin Interview &#8211; Sept<\/a><\/li><li><a href=\"https:\/\/filstalwelle.de\/video\/2023-09-19-podcast-angeline-fischer-laedt-zum-english-breakfast\">Filstalwelle TV<\/a><\/li><li><a href=\"http:\/\/angeline.de\/wp-content\/uploads\/2023\/09\/goeppingen_2023_37.pdf\">GEPPO city magazine &#8211; KW 37<\/a><\/li><li><a href=\"http:\/\/angeline.de\/wp-content\/uploads\/2023\/09\/GEPPO-KW-38.png\">GEPPO city magazine &#8211; KW 38<\/a><\/li><li><a href=\"http:\/\/angeline.de\/wp-content\/uploads\/2023\/09\/2023-09-12-NWZ-IKW-2023.jpg\">NWZ Newspaper 12.09<\/a><\/li><li><a href=\"http:\/\/angeline.de\/wp-content\/uploads\/2023\/09\/2023-09-23-NWZ-IKW-2023.jpg\">NWZ Newspaper 23.09<\/a><\/li><li><a href=\"http:\/\/angeline.de\/wp-content\/uploads\/2023\/10\/2023-10-02-NWZ-IKW-2023.jpg\">NWZ Newspaper 02.10<\/a><\/li><\/ul><p>2022<\/p><ul><li><a href=\"http:\/\/angeline.de\/wp-content\/uploads\/2022\/10\/Interview-PIG-Magazin-Okt-2022.pdf\">PIG Magazin Interview<\/a><\/li><li><a href=\"http:\/\/angeline.de\/wp-content\/uploads\/2022\/10\/2022-09-26-NWZ-Eine-Feier-der-Vielfalt.pdf\">Article 26.09. NWZ newspaper &#8220;A celebration of diversity&#8221;<\/a><\/li><li><a href=\"https:\/\/filstalwelle.de\/video\/2022-09-26-goeppingen-auftakt-der-interkulturellen-wochen\">Filstallwelle TV<\/a><\/li><li><a href=\"https:\/\/filstalexpress.de\/freizeit\/141120\/\">Filstall Express<\/a><\/li><li><a href=\"https:\/\/www.goeppingen.de\/start\/Kultur\/interkulturelle+wochen.html\">Intercultural Weeks Program<\/a><\/li><li><a href=\"http:\/\/angeline.de\/wp-content\/uploads\/2022\/09\/NWZ-Goppingen-Zeichen-fur-gelebte-Vielfalt.pdf\">Article 14.09. NWZ newspaper &#8220;A sign of diversity in action&#8221;<\/a><\/li><li><a href=\"https:\/\/filstalwelle.de\/shortnews\/2022-09-26-goeppingen-ort-der-vielfalt-die-interkulturellen-wochen-2022\">Filstallwell &#8211; PR<\/a>\u00a0<\/li><\/ul><p>\u00a02021<\/p><ul><li><a href=\"http:\/\/angeline.de\/wp-content\/uploads\/2021\/10\/Angeline-Fischer_PIG.pdf\">I<\/a><a href=\"http:\/\/angeline.de\/wp-content\/uploads\/2021\/10\/Angeline-Fischer_PIG.pdf\">nterview PIG Magazine (DE)<\/a><\/li><li><a href=\"https:\/\/filstalwelle.de\/video\/2021-09-28-interkulturelle-wochen-schaffen-ort-der-begegnung\">Intercultural Weeks: room for (DE) understanding &#8211; TV<\/a><\/li><li><a href=\"https:\/\/www.youtube.com\/watch?v=9DR6XLxONaU&amp;ab_channel=Jazz-iG\">Culture Talk G\u00f6ppingen (DE)- begins 1.29<\/a><\/li><li><a href=\"http:\/\/angeline.de\/wp-content\/uploads\/2021\/11\/Goppingen_2021_38_IKW-Seite-8.pdf\">Intercultural Weeks begin (DE)<\/a><\/li><li><a href=\"http:\/\/angeline.de\/wp-content\/uploads\/2021\/11\/Goppingen_2021_39_Seite-1-bis-6.pdf\">Stay open (DE)<\/a><\/li><li><a href=\"http:\/\/angeline.de\/wp-content\/uploads\/2021\/11\/Goppingen_2021_37_Seite1bis2.pdf\">Be open (DE)<\/a><\/li><li><a href=\"http:\/\/angeline.de\/wp-content\/uploads\/2021\/11\/GEPPO_KW40_Seite-2.pdf\">Intercultural Weeks continue (DE)<\/a><\/li><li><a href=\"http:\/\/angeline.de\/wp-content\/uploads\/2021\/12\/15-September-2021-nwz-Seite-17.jpg\">Cultures engage in dialogue, people meet<\/a><\/li><\/ul><p><a href=\"https:\/\/www.filstalwelle.de\/video\/2020-09-24-start-frei-fuer-die-interkulturellen-wochen.htm\">2020<\/a><\/p><ul><li><a href=\"https:\/\/www.filstalwelle.de\/video\/2020-09-24-start-frei-fuer-die-interkulturellen-wochen.htm\">Ready to beginn (DE)<\/a><\/li><li><a href=\"https:\/\/filstalwelle.de\/shortnews\/2020-09-18-goeppingen-interkulturellen-wochen-findet-statt\">Intercultural Weeks take place Filstalwelle (DE)<\/a><\/li><li><a href=\"http:\/\/www.interkulturellewoche.de\/2020\/goeppingen\">25 year anniversary (German)<\/a><\/li><\/ul><p><a href=\"https:\/\/www.filstalwelle.de\/video\/2019-09-26-zusammen-leben-zusammen-wachsen.htm\">2019<\/a><\/p><ul><li><a href=\"https:\/\/www.filstalwelle.de\/video\/2019-09-26-zusammen-leben-zusammen-wachsen.htm\">24th year Intercultural Weeks Filstalwelle TV (DE)<\/a><\/li><li><a href=\"http:\/\/www.interkulturellewoche.de\/2019\/datenbank\/goeppingen\">Intercultural Weeks (DE)<\/a><\/li><\/ul><\/div>\n\t\t\t\t<\/div>\n\t\t\t\t\t\t\t<div class=\"elementor-toggle-item\">\n\t\t\t\t\t<h2 id=\"elementor-tab-title-5113\" class=\"elementor-tab-title\" data-tab=\"3\" role=\"button\" aria-controls=\"elementor-tab-content-5113\" aria-expanded=\"false\">\n\t\t\t\t\t\t\t\t\t\t\t\t<span class=\"elementor-toggle-icon elementor-toggle-icon-left\" aria-hidden=\"true\">\n\t\t\t\t\t\t\t\t\t\t\t\t\t\t\t<span class=\"elementor-toggle-icon-closed\"><i class=\"fas fa-caret-right\"><\/i><\/span>\n\t\t\t\t\t\t\t\t<span class=\"elementor-toggle-icon-opened\"><i class=\"elementor-toggle-icon-opened fas fa-caret-up\"><\/i><\/span>\n\t\t\t\t\t\t\t\t\t\t\t\t\t<\/span>\n\t\t\t\t\t\t\t\t\t\t\t\t<a class=\"elementor-toggle-title\" tabindex=\"0\">Bildung<\/a>\n\t\t\t\t\t<\/h2>\n\n\t\t\t\t\t<div id=\"elementor-tab-content-5113\" class=\"elementor-tab-content elementor-clearfix\" data-tab=\"3\" role=\"region\" aria-labelledby=\"elementor-tab-title-5113\"><ul><li><a href=\"http:\/\/angeline.de\/wp-content\/uploads\/2023\/06\/Tag-der-Fluchling.jpg\">Tag der Fluchtling (DE)<\/a><\/li><li><a href=\"http:\/\/angeline.de\/wp-content\/uploads\/2023\/02\/2023-02-IN_MAGAZIN-1.pdf\">IN_MAGAZIN Diversity Guide (DE) Interview<\/a><\/li><li><a href=\"https:\/\/youtu.be\/FslbWw5hGa8\">Interview English Teaching ELTAS &#8211; video (ENG)<\/a><\/li><li><a href=\"http:\/\/angeline.de\/wp-content\/uploads\/2021\/03\/In-the-hotseat-teaching.pdf\">Magazine (ENG)<\/a><\/li><li><a href=\"https:\/\/www.eltas.de\/wp-content\/uploads\/2015\/04\/ELTAS_01-2015.pdf\">Workshop Review &#8211; Train the trainer ELTAS (ENG)<\/a><\/li><li>Intercultural Workshop for Influencers (DE)\u00a0<\/li><li><a href=\"http:\/\/G\u00d6PPINGEN Integration Suche nach Konzept f\u00fcr ein Haus der Vielfalt\" data-wplink-url-error=\"true\">Haus der Vielfalt &#8211; house for diversity (DE)<\/a>\u00a0<\/li><li><a href=\"https:\/\/www.goeppingen.de\/start\/Soziales\/Interkulturelle+Elternarbeit.html\">Intercultural Parent Mentors (DE)<\/a><\/li><li><a href=\"file:\/\/\/C:\/Users\/coach\/Downloads\/200812_MoVe_Flyer_Englisch_2020_digital_kj.pdf\">Together without Predudice (DE)<\/a><\/li><li><a href=\"https:\/\/filstalwelle.de\/shortnews\/2020-09-23-goeppingen-religionen-in-den-interkulturellen-wochen.htm\">Interreligious Dialog &#8211; IKW 2020 (DE)<\/a><\/li><li><a href=\"http:\/\/angeline.de\/wp-content\/uploads\/2020\/11\/2020-11-new-colours-Page-1.jpg\">New Colours &#8211; Radio for Refugees and Asylum Seekers (DE)<\/a><\/li><li><a href=\"https:\/\/www.youtube.com\/watch?v=rnMhT1yVmk4\">New Colours Radio &#8211; trailer (DE)<\/a><\/li><\/ul><\/div>\n\t\t\t\t<\/div>\n\t\t\t\t\t\t\t<div class=\"elementor-toggle-item\">\n\t\t\t\t\t<h2 id=\"elementor-tab-title-5114\" class=\"elementor-tab-title\" data-tab=\"4\" role=\"button\" aria-controls=\"elementor-tab-content-5114\" aria-expanded=\"false\">\n\t\t\t\t\t\t\t\t\t\t\t\t<span class=\"elementor-toggle-icon elementor-toggle-icon-left\" aria-hidden=\"true\">\n\t\t\t\t\t\t\t\t\t\t\t\t\t\t\t<span class=\"elementor-toggle-icon-closed\"><i class=\"fas fa-caret-right\"><\/i><\/span>\n\t\t\t\t\t\t\t\t<span class=\"elementor-toggle-icon-opened\"><i class=\"elementor-toggle-icon-opened fas fa-caret-up\"><\/i><\/span>\n\t\t\t\t\t\t\t\t\t\t\t\t\t<\/span>\n\t\t\t\t\t\t\t\t\t\t\t\t<a class=\"elementor-toggle-title\" tabindex=\"0\">Kulturelle Engagements<\/a>\n\t\t\t\t\t<\/h2>\n\n\t\t\t\t\t<div id=\"elementor-tab-content-5114\" class=\"elementor-tab-content elementor-clearfix\" data-tab=\"4\" role=\"region\" aria-labelledby=\"elementor-tab-title-5114\"><ul><li><a href=\"https:\/\/www.youtube.com\/watch?v=mIDXRrsyUhE\">Podium discussion\u00a0 Meine. Deine. Unsere Heimat. &#8211; video (DE)<\/a><\/li><li><a href=\"https:\/\/www.swp.de\/suedwesten\/landkreise\/lk-goeppingen\/in-spannungsgeladenen-zeiten-ernsthaft-miteinander-sprechen-23509849.html\">Iftar celebration German Red Cross 2017 (DE)<\/a><\/li><li><a href=\"https:\/\/www.drk-goeppingen.de\/start\/mitmachen\/presse-service\/meldung\/iftar-essen-mit-offenen-worten-1.html\">Iftar celebration German Red Cross 2018 (DE)<\/a><\/li><li><a href=\"https:\/\/filstalwelle.de\/shortnews\/2020-10-02-goeppingen-schreibwerkstatt-fuer-frauen-mit-migrationserfahrung.htm\">Intercultural Women&#8217;s writing group &#8211; filstalwelle (DE)<\/a><\/li><li><a href=\"https:\/\/stadtbibliothekgoeppingen.wordpress.com\/2017\/04\/23\/goeppinger-schreibwerkstatt\/\">Schreibwerkstatt &#8211; Books online Stadtbibliothek (DE)<\/a><\/li><li><a href=\"https:\/\/stadtbibliothekgoeppingen.wordpress.com\/category\/schreibwerkstatt\/\">Women&#8217;s writing group IKW 2019 (DE)<\/a><\/li><li><a href=\"https:\/\/stadtbibliothekgoeppingen.wordpress.com\/2018\/08\/17\/goeppinger-lieblingsplaetze\/\">Room for reading &#8211; Kornhausplatz (DE)<\/a><\/li><li><a href=\"https:\/\/www.rnz.de\/nachrichten\/wiesloch_artikel,-wiesloch-sprachzentrum-mund-werk-rauenberg-eine-schreibwerkstatt-soll-die-integration-erleichtern-_arid,295689.html\">Intercultural Writing Group in Rrauenberg (DE)<\/a><\/li><li><a href=\"https:\/\/www.wiwa-lokal.de\/morgen-matinee-welche-farbe-hat-der-wind-goeppinger-schreibwerkstatt-in-wiesloch\/\">Writer&#8217;s group in Wiesloch (DE)<\/a><\/li><li><a href=\"https:\/\/www.fellbach.de\/site\/Fellbach-Internet\/node\/15033569\/zmdetail_523217656703\/_Jetzt_und_hier_Goeppinger_Schreibwerkstatt_fuer_Frauen_mit_Migrationserfahrung.html?nodeID=523217656703\">Writer&#8217;s group &#8211; Fellbach (DE)<\/a><\/li><li><a href=\"https:\/\/stadtbibliothek.goeppingen.de\/site\/Goeppingen-Stabi\/get\/params_E-281457095\/15501753\/LL-Katalog2018.pdf\">Living Library &#8211; talk (DE)<\/a><\/li><\/ul><\/div>\n\t\t\t\t<\/div>\n\t\t\t\t\t\t\t<div class=\"elementor-toggle-item\">\n\t\t\t\t\t<h2 id=\"elementor-tab-title-5115\" class=\"elementor-tab-title\" data-tab=\"5\" role=\"button\" aria-controls=\"elementor-tab-content-5115\" aria-expanded=\"false\">\n\t\t\t\t\t\t\t\t\t\t\t\t<span class=\"elementor-toggle-icon elementor-toggle-icon-left\" aria-hidden=\"true\">\n\t\t\t\t\t\t\t\t\t\t\t\t\t\t\t<span class=\"elementor-toggle-icon-closed\"><i class=\"fas fa-caret-right\"><\/i><\/span>\n\t\t\t\t\t\t\t\t<span class=\"elementor-toggle-icon-opened\"><i class=\"elementor-toggle-icon-opened fas fa-caret-up\"><\/i><\/span>\n\t\t\t\t\t\t\t\t\t\t\t\t\t<\/span>\n\t\t\t\t\t\t\t\t\t\t\t\t<a class=\"elementor-toggle-title\" tabindex=\"0\">Auszeichnungen<\/a>\n\t\t\t\t\t<\/h2>\n\n\t\t\t\t\t<div id=\"elementor-tab-content-5115\" class=\"elementor-tab-content elementor-clearfix\" data-tab=\"5\" role=\"region\" aria-labelledby=\"elementor-tab-title-5115\"><ul><li><a href=\"http:\/\/angeline.de\/wp-content\/uploads\/2021\/10\/2017-LfK.png\">Medienpreis f\u00fcr radiofips<\/a><\/li><li><a href=\"https:\/\/www.swp.de\/suedwesten\/staedte\/goeppingen\/eine-quirlige-kosmopolitin-25026410.html\">Eine quirlige Kosmopolitin<\/a><\/li><li><a href=\"https:\/\/filstalwelle.de\/shortnews\/2019-07-29-goeppingen-engagement-gewuerdigt.htm\">Engagement gew\u00fcrdigt<\/a><\/li><li><a href=\"http:\/\/docplayer.net\/1532271-One-network-magazine-46_-the-heavyweights-powerful-figures-are-pitted-against-each-other-toe-to-toe.html\">EU Alumni-Magazin Frauen in der Wirtschaft (Englisch)<\/a><\/li><\/ul><\/div>\n\t\t\t\t<\/div>\n\t\t\t\t\t\t\t<div class=\"elementor-toggle-item\">\n\t\t\t\t\t<h2 id=\"elementor-tab-title-5116\" class=\"elementor-tab-title\" data-tab=\"6\" role=\"button\" aria-controls=\"elementor-tab-content-5116\" aria-expanded=\"false\">\n\t\t\t\t\t\t\t\t\t\t\t\t<span class=\"elementor-toggle-icon elementor-toggle-icon-left\" aria-hidden=\"true\">\n\t\t\t\t\t\t\t\t\t\t\t\t\t\t\t<span class=\"elementor-toggle-icon-closed\"><i class=\"fas fa-caret-right\"><\/i><\/span>\n\t\t\t\t\t\t\t\t<span class=\"elementor-toggle-icon-opened\"><i class=\"elementor-toggle-icon-opened fas fa-caret-up\"><\/i><\/span>\n\t\t\t\t\t\t\t\t\t\t\t\t\t<\/span>\n\t\t\t\t\t\t\t\t\t\t\t\t<a class=\"elementor-toggle-title\" tabindex=\"0\">Migrant Representation<\/a>\n\t\t\t\t\t<\/h2>\n\n\t\t\t\t\t<div id=\"elementor-tab-content-5116\" class=\"elementor-tab-content elementor-clearfix\" data-tab=\"6\" role=\"region\" aria-labelledby=\"elementor-tab-title-5116\"><ul><li><a href=\"https:\/\/youtu.be\/NyBZY8-n2I4\">\u201eGemeinsam gegen den Ha\u00df\u201c angesichts des rechtsterroristischen Anschlags in Hanau<\/a><\/li><li><a href=\"http:\/\/angeline.de\/wp-content\/uploads\/2020\/08\/GEPPO_KW34-2020-08-20-snip.pdf\">Empowerment der kommunalen Migrantenvertretung<\/a><\/li><li><a href=\"https:\/\/filstalwelle.de\/shortnews\/2020-08-18-goeppingen-empowerment-der-kommunalen-migrantenvertretung.htm\">G\u00f6ppingen Empowerment der kommunalen Migrantenvertretung TV<\/a><\/li><li><a href=\"https:\/\/filstalwelle.de\/shortnews\/2020-02-24-goeppingen-kundgebung-unter-dem-motto-gemeinsam-gegen-den-hass-angesichts-des-rechtsterroristischen-anschlags-in-hanau.htm\">Gemeinsam gegen Hass<\/a><\/li><li><a href=\"https:\/\/www.swp.de\/suedwesten\/staedte\/goeppingen\/kundgebungen-52034602.html?_XML=AMP\">Kundgebung - Streit am Tag der Deutsche Einheit<\/a><\/li><li><a href=\"https:\/\/www.swp.de\/suedwesten\/staedte\/goeppingen\/im-integrationsausschuss-finden-migranten-gehoer-19282341.html\">Im Integrationsausschuss finden Migranten Geh\u00f6r<\/a><\/li><li><a href=\"https:\/\/www.stuttgarter-zeitung.de\/inhalt.reaktion-auf-terroranschlaege-friedensgebet-auf-marktplatz.035b9eab-8f97-4c5b-8053-4797d7a6103c.html\">Reaktion auf Terroranschl\u00e4ge - Friedensgebet auf Marktplatz<\/a><\/li><li><a href=\"https:\/\/www.swp.de\/suedwesten\/staedte\/goeppingen\/goeppinger-integrationsausschuss-in-berlin-22986453.html\">G\u00f6ppinger Integrationsausschuss in Berlin<\/a><\/li><li><a href=\"https:\/\/www.filstalwelle.de\/shortnews\/2020-02-24-goeppingen-kundgebung-unter-dem-motto-gemeinsam-gegen-den-hass-angesichts-des-rechtsterroristischen-anschlags-in-hanau.htm\">Gemeinsam gegen Hass<\/a><\/li><\/ul><\/div>\n\t\t\t\t<\/div>\n\t\t\t\t\t\t\t<div class=\"elementor-toggle-item\">\n\t\t\t\t\t<h2 id=\"elementor-tab-title-5117\" class=\"elementor-tab-title\" data-tab=\"7\" role=\"button\" aria-controls=\"elementor-tab-content-5117\" aria-expanded=\"false\">\n\t\t\t\t\t\t\t\t\t\t\t\t<span class=\"elementor-toggle-icon elementor-toggle-icon-left\" aria-hidden=\"true\">\n\t\t\t\t\t\t\t\t\t\t\t\t\t\t\t<span class=\"elementor-toggle-icon-closed\"><i class=\"fas fa-caret-right\"><\/i><\/span>\n\t\t\t\t\t\t\t\t<span class=\"elementor-toggle-icon-opened\"><i class=\"elementor-toggle-icon-opened fas fa-caret-up\"><\/i><\/span>\n\t\t\t\t\t\t\t\t\t\t\t\t\t<\/span>\n\t\t\t\t\t\t\t\t\t\t\t\t<a class=\"elementor-toggle-title\" tabindex=\"0\">Erm\u00e4chtigung der Frauen<\/a>\n\t\t\t\t\t<\/h2>\n\n\t\t\t\t\t<div id=\"elementor-tab-content-5117\" class=\"elementor-tab-content elementor-clearfix\" data-tab=\"7\" role=\"region\" aria-labelledby=\"elementor-tab-title-5117\"><ul><li><a href=\"http:\/\/angeline.de\/wp-content\/uploads\/2020\/11\/2020-11-27-Day-for-the-elimination-of-violence_highlight_snip.jpg\">Internationaler Tag gegen Gewalt an Frauen<\/a><\/li><li><a href=\"http:\/\/www.onebillionrising.de\/location\/goeppingen-2020\/\">1 Billion Rising 2020<\/a><\/li><li><a href=\"https:\/\/www.filstalwelle.de\/video\/2017-11-27-gemeinsam-fuer-ein-gewaltfreies-leben.htm\">Internationaler Frauentag<\/a><\/li><li><a href=\"https:\/\/filstalwelle.de\/video\/2019-03-12-sprich-damit-ich-dich-sehe\">Sprich damit ich dich sehen<\/a><\/li><\/ul><\/div>\n\t\t\t\t<\/div>\n\t\t\t\t\t\t\t<div class=\"elementor-toggle-item\">\n\t\t\t\t\t<h2 id=\"elementor-tab-title-5118\" class=\"elementor-tab-title\" data-tab=\"8\" role=\"button\" aria-controls=\"elementor-tab-content-5118\" aria-expanded=\"false\">\n\t\t\t\t\t\t\t\t\t\t\t\t<span class=\"elementor-toggle-icon elementor-toggle-icon-left\" aria-hidden=\"true\">\n\t\t\t\t\t\t\t\t\t\t\t\t\t\t\t<span class=\"elementor-toggle-icon-closed\"><i class=\"fas fa-caret-right\"><\/i><\/span>\n\t\t\t\t\t\t\t\t<span class=\"elementor-toggle-icon-opened\"><i class=\"elementor-toggle-icon-opened fas fa-caret-up\"><\/i><\/span>\n\t\t\t\t\t\t\t\t\t\t\t\t\t<\/span>\n\t\t\t\t\t\t\t\t\t\t\t\t<a class=\"elementor-toggle-title\" tabindex=\"0\">Kultur-Nacht<\/a>\n\t\t\t\t\t<\/h2>\n\n\t\t\t\t\t<div id=\"elementor-tab-content-5118\" class=\"elementor-tab-content elementor-clearfix\" data-tab=\"8\" role=\"region\" aria-labelledby=\"elementor-tab-title-5118\"><p><a href=\"http:\/\/angeline.de\/wp-content\/uploads\/2025\/06\/Kultur-Nacht-2025.pdf\">Kultur-Nacht 2025 &#8211; NWZ 29.06.25<\/a><\/p><p><a href=\"http:\/\/angeline.de\/wp-content\/uploads\/2022\/06\/20220627_gpkult01c_2706_07.13415089.1.pdf\">Kultur-Nacht 2022<\/a><\/p><\/div>\n\t\t\t\t<\/div>\n\t\t\t\t\t\t\t\t<\/div>\n\t\t\t\t\t\t<\/div>\n\t\t\t\t<\/div>\n\t\t\t\t\t<\/div>\n\t\t<\/div>\n\t\t\t\t\t<\/div>\n\t\t<\/section>\n\t\t\t\t<\/div>","protected":false},"excerpt":{"rendered":"<p>Press articles related to my activities Intercultural Weeks 04.10. GEPPO Stadtmagazin 02.10. Filstalwelle TV \u00fcber Festival der Vielfalt 20.09. GEPPO Stadtmagazin Stadt GP Page G\u00f6ppingen endeckt &#8220;Neue R\u00e4ume&#8221; NWZ 14.Juli 1. Interkultureller Kreativ- und Kunstmarkt PIG Magazin Juli Living Library Brosch\u00fcre Previous Intercultural Weeks 2023 PIG Magazin Interview &#8211; Sept Filstalwelle TV GEPPO city magazine [&hellip;]<\/p>\n","protected":false},"author":1,"featured_media":776,"parent":0,"menu_order":0,"comment_status":"open","ping_status":"closed","template":"","meta":{"episode_type":"","audio_file":"","cover_image":"","cover_image_id":"","duration":"","filesize":"","date_recorded":"","explicit":"","block":"","filesize_raw":"","footnotes":""},"class_list":["post-43","page","type-page","status-publish","has-post-thumbnail","hentry"],"_links":{"self":[{"href":"http:\/\/angeline.de\/de\/wp-json\/wp\/v2\/pages\/43","targetHints":{"allow":["GET"]}}],"collection":[{"href":"http:\/\/angeline.de\/de\/wp-json\/wp\/v2\/pages"}],"about":[{"href":"http:\/\/angeline.de\/de\/wp-json\/wp\/v2\/types\/page"}],"author":[{"embeddable":true,"href":"http:\/\/angeline.de\/de\/wp-json\/wp\/v2\/users\/1"}],"replies":[{"embeddable":true,"href":"http:\/\/angeline.de\/de\/wp-json\/wp\/v2\/comments?post=43"}],"version-history":[{"count":550,"href":"http:\/\/angeline.de\/de\/wp-json\/wp\/v2\/pages\/43\/revisions"}],"predecessor-version":[{"id":2141,"href":"http:\/\/angeline.de\/de\/wp-json\/wp\/v2\/pages\/43\/revisions\/2141"}],"wp:featuredmedia":[{"embeddable":true,"href":"http:\/\/angeline.de\/de\/wp-json\/wp\/v2\/media\/776"}],"wp:attachment":[{"href":"http:\/\/angeline.de\/de\/wp-json\/wp\/v2\/media?parent=43"}],"curies":[{"name":"wp","href":"https:\/\/api.w.org\/{rel}","templated":true}]}}